{"id":461,"date":"2020-12-30T13:58:17","date_gmt":"2020-12-30T13:58:17","guid":{"rendered":"https:\/\/fototrejo.wordpress.com\/?page_id=461"},"modified":"2023-04-26T20:25:18","modified_gmt":"2023-04-26T20:25:18","slug":"sesiondecaritasyninos","status":"publish","type":"page","link":"https:\/\/fotoestudiotrejo.com\/2\/sesiondecaritasyninos\/","title":{"rendered":"Sesi\u00f3n de Caritas y Ni\u00f1os"},"content":{"rendered":"\n<p class=\"has-intrace-body-text-color has-intrace-background-background-color has-text-color has-background\">Experimentar la llegada de un ni\u00f1o a la familia es uno de los momentos m\u00e1s emocionantes y llenos de alegr\u00eda que se pueden vivir. En <strong>Foto Estudio Trejo<\/strong>, nos dedicamos a capturar esos momentos \u00fanicos, maravillosos e irrepetibles para que perduren por siempre.<\/p>\n\n\n\n<p class=\"has-intrace-body-text-color has-intrace-background-background-color has-text-color has-background\">Entendemos que desear\u00edas detener el tiempo para conservar esos recuerdos invaluables. Por eso, en <strong>Foto Estudio Trejo<\/strong>, inmortalizamos la magia de tus ni\u00f1os en cada fotograf\u00eda, permiti\u00e9ndote revivir esos momentos siempre que lo desees.<\/p>\n\n\n\n<p class=\"has-intrace-body-text-color has-intrace-background-background-color has-text-color has-background\">Nuestras sesiones de fotos son inigualables, sabemos que lo mejor de tu beb\u00e9 est\u00e1 en su espontaneidad y en la alegr\u00eda que s\u00f3lo su inocencia puede ofrecerte.<\/p>\n\n\n\n<p class=\"has-intrace-body-text-color has-intrace-background-background-color has-text-color has-background\">Ofrecemos paquetes y promociones excepcionales para transformar tu sesi\u00f3n de fotos en una experiencia entra\u00f1able e inolvidable.<\/p>\n\n\n\n<p class=\"has-intrace-body-text-color has-intrace-background-background-color has-text-color has-background\">Reserva tu cita llamando o enviando un mensaje de Whatsapp al 9616122403 o al 9611661401, o a trav\u00e9s de nuestras redes sociales en Facebook, Instagram o Twitter<\/p>\n\n\n\n<p class=\"has-intrace-body-text-color has-intrace-background-background-color has-text-color has-background\">Nos encontrar\u00e1s en Avenida Central Poniente 1101, esquina de la 10 poniente, a una cuadra del parque de la marimba. \u00a1Te esperamos para plasmar los momentos m\u00e1s preciosos de la vida de tus ni\u00f1os en fotograf\u00edas inolvidables<\/p>\n\n\n\n\n\n<figure class=\"wp-block-embed is-type-video is-provider-youtube wp-block-embed-youtube wp-embed-aspect-16-9 wp-has-aspect-ratio\"><div class=\"wp-block-embed__wrapper\">\n<iframe title=\"Captura tus Recuerdos Fotograf\u00eda de Caritas y Ni\u00f1os en Foto Estudio Trejo\" width=\"500\" height=\"281\" src=\"https:\/\/www.youtube.com\/embed\/azFGDjkszI0?feature=oembed\" frameborder=\"0\" allow=\"accelerometer; autoplay; clipboard-write; encrypted-media; gyroscope; picture-in-picture; web-share\" referrerpolicy=\"strict-origin-when-cross-origin\" allowfullscreen><\/iframe>\n<\/div><\/figure>\n\n\n\n\n\n<div class=\"wp-block-columns is-layout-flex wp-container-core-columns-is-layout-28f84493 wp-block-columns-is-layout-flex\">\n<div class=\"wp-block-column is-layout-flow wp-block-column-is-layout-flow\" style=\"flex-basis:100%\">\n<div id=\"wp-block-themeisle-blocks-slider-5b04e62a\" class=\"wp-block-themeisle-blocks-slider glide\" data-per-view=\"2\" data-gap=\"23\" data-peek=\"100\" data-autoplay=\"true\" data-height=\"400px\" data-hide-arrows=\"false\"><div class=\"glide__track\" data-glide-el=\"track\"><div class=\"glide__slides\"><div class=\"wp-block-themeisle-blocks-slider-item-wrapper glide__slide\" tabindex=\"0\"><figure><img decoding=\"async\" class=\"wp-block-themeisle-blocks-slider-item\" src=\"https:\/\/fotoestudiotrejo.com\/2\/wp-content\/uploads\/2021\/01\/foto-estudio-trejo-1-1024x819.jpg\" alt=\"\" title=\"\" data-id=\"838\"\/><\/figure><\/div><div class=\"wp-block-themeisle-blocks-slider-item-wrapper glide__slide\" tabindex=\"0\"><figure><img decoding=\"async\" class=\"wp-block-themeisle-blocks-slider-item\" src=\"https:\/\/fotoestudiotrejo.com\/2\/wp-content\/uploads\/2021\/01\/foto-estudio-trejo-15-1024x819.jpg\" alt=\"\" title=\"\" data-id=\"843\"\/><\/figure><\/div><div class=\"wp-block-themeisle-blocks-slider-item-wrapper glide__slide\" tabindex=\"0\"><figure><img decoding=\"async\" class=\"wp-block-themeisle-blocks-slider-item\" src=\"https:\/\/fotoestudiotrejo.com\/2\/wp-content\/uploads\/2021\/01\/foto-estudio-trejo-14-1-1024x854.jpg\" alt=\"\" title=\"\" data-id=\"842\"\/><\/figure><\/div><div class=\"wp-block-themeisle-blocks-slider-item-wrapper glide__slide\" tabindex=\"0\"><figure><img decoding=\"async\" class=\"wp-block-themeisle-blocks-slider-item\" src=\"https:\/\/fotoestudiotrejo.com\/2\/wp-content\/uploads\/2021\/01\/foto-estudio-trejo-12.jpg\" alt=\"\" title=\"\" data-id=\"839\"\/><\/figure><\/div><div class=\"wp-block-themeisle-blocks-slider-item-wrapper glide__slide\" tabindex=\"0\"><figure><img decoding=\"async\" class=\"wp-block-themeisle-blocks-slider-item\" src=\"https:\/\/fotoestudiotrejo.com\/2\/wp-content\/uploads\/2021\/01\/foto-estudio-trejo-23-1024x854.jpg\" alt=\"\" title=\"\" data-id=\"847\"\/><\/figure><\/div><div class=\"wp-block-themeisle-blocks-slider-item-wrapper glide__slide\" tabindex=\"0\"><figure><img decoding=\"async\" class=\"wp-block-themeisle-blocks-slider-item\" src=\"https:\/\/fotoestudiotrejo.com\/2\/wp-content\/uploads\/2021\/01\/alexa-a-1024x819.jpg\" alt=\"\" title=\"\" data-id=\"836\"\/><\/figure><\/div><div class=\"wp-block-themeisle-blocks-slider-item-wrapper glide__slide\" tabindex=\"0\"><figure><img decoding=\"async\" class=\"wp-block-themeisle-blocks-slider-item\" src=\"https:\/\/fotoestudiotrejo.com\/2\/wp-content\/uploads\/2021\/01\/8x10-a-2-1024x819.jpg\" alt=\"\" title=\"\" data-id=\"834\"\/><\/figure><\/div><div class=\"wp-block-themeisle-blocks-slider-item-wrapper glide__slide\" tabindex=\"0\"><figure><img decoding=\"async\" class=\"wp-block-themeisle-blocks-slider-item\" src=\"https:\/\/fotoestudiotrejo.com\/2\/wp-content\/uploads\/2021\/01\/humberto-801x1024.jpg\" alt=\"\" title=\"\" data-id=\"833\"\/><\/figure><\/div><div class=\"wp-block-themeisle-blocks-slider-item-wrapper glide__slide\" tabindex=\"0\"><figure><img decoding=\"async\" class=\"wp-block-themeisle-blocks-slider-item\" src=\"https:\/\/fotoestudiotrejo.com\/2\/wp-content\/uploads\/2021\/01\/gemelos-1024x801.jpg\" alt=\"\" title=\"\" data-id=\"832\"\/><\/figure><\/div><div class=\"wp-block-themeisle-blocks-slider-item-wrapper glide__slide\" tabindex=\"0\"><figure><img decoding=\"async\" class=\"wp-block-themeisle-blocks-slider-item\" src=\"https:\/\/fotoestudiotrejo.com\/2\/wp-content\/uploads\/2021\/01\/fotografia-de-ninos-801x1024.jpg\" alt=\"\" title=\"\" data-id=\"829\"\/><\/figure><\/div><div class=\"wp-block-themeisle-blocks-slider-item-wrapper glide__slide\" tabindex=\"0\"><figure><img decoding=\"async\" class=\"wp-block-themeisle-blocks-slider-item\" src=\"https:\/\/fotoestudiotrejo.com\/2\/wp-content\/uploads\/2021\/01\/familiar-b-801x1024.jpg\" alt=\"\" title=\"\" data-id=\"828\"\/><\/figure><\/div><div class=\"wp-block-themeisle-blocks-slider-item-wrapper glide__slide\" tabindex=\"0\"><figure><img decoding=\"async\" class=\"wp-block-themeisle-blocks-slider-item\" src=\"https:\/\/fotoestudiotrejo.com\/2\/wp-content\/uploads\/2021\/01\/elena-y-pepe-1024x801.jpg\" alt=\"\" title=\"\" data-id=\"827\"\/><figcaption>SONY DSC<\/figcaption><\/figure><\/div><div class=\"wp-block-themeisle-blocks-slider-item-wrapper glide__slide\" tabindex=\"0\"><figure><img decoding=\"async\" class=\"wp-block-themeisle-blocks-slider-item\" src=\"https:\/\/fotoestudiotrejo.com\/2\/wp-content\/uploads\/2021\/01\/carlos-omar-1-801x1024.jpg\" alt=\"\" title=\"\" data-id=\"826\"\/><\/figure><\/div><div class=\"wp-block-themeisle-blocks-slider-item-wrapper glide__slide\" tabindex=\"0\"><figure><img decoding=\"async\" class=\"wp-block-themeisle-blocks-slider-item\" src=\"https:\/\/fotoestudiotrejo.com\/2\/wp-content\/uploads\/2021\/01\/camila-801x1024.jpg\" alt=\"\" title=\"\" data-id=\"540\"\/><\/figure><\/div><div class=\"wp-block-themeisle-blocks-slider-item-wrapper glide__slide\" tabindex=\"0\"><figure><img decoding=\"async\" class=\"wp-block-themeisle-blocks-slider-item\" src=\"https:\/\/fotoestudiotrejo.com\/2\/wp-content\/uploads\/2021\/01\/bruno-801x1024.jpg\" alt=\"\" title=\"\" data-id=\"522\"\/><\/figure><\/div><div class=\"wp-block-themeisle-blocks-slider-item-wrapper glide__slide\" tabindex=\"0\"><figure><img decoding=\"async\" class=\"wp-block-themeisle-blocks-slider-item\" src=\"https:\/\/fotoestudiotrejo.com\/2\/wp-content\/uploads\/2021\/01\/barbara-1-801x1024.jpg\" alt=\"\" title=\"\" data-id=\"521\"\/><\/figure><\/div><div class=\"wp-block-themeisle-blocks-slider-item-wrapper glide__slide\" tabindex=\"0\"><figure><img decoding=\"async\" class=\"wp-block-themeisle-blocks-slider-item\" src=\"https:\/\/fotoestudiotrejo.com\/2\/wp-content\/uploads\/2021\/01\/3-1024x801.jpg\" alt=\"\" title=\"\" data-id=\"519\"\/><\/figure><\/div><div class=\"wp-block-themeisle-blocks-slider-item-wrapper glide__slide\" tabindex=\"0\"><figure><img decoding=\"async\" class=\"wp-block-themeisle-blocks-slider-item\" src=\"https:\/\/fotoestudiotrejo.com\/2\/wp-content\/uploads\/2021\/01\/02-801x1024.jpg\" alt=\"\" title=\"\" data-id=\"518\"\/><\/figure><\/div><div class=\"wp-block-themeisle-blocks-slider-item-wrapper glide__slide\" tabindex=\"0\"><figure><img decoding=\"async\" class=\"wp-block-themeisle-blocks-slider-item\" src=\"https:\/\/fotoestudiotrejo.com\/2\/wp-content\/uploads\/2021\/01\/01-683x1024.jpg\" alt=\"\" title=\"\" data-id=\"517\"\/><\/figure><\/div><div class=\"wp-block-themeisle-blocks-slider-item-wrapper glide__slide\" tabindex=\"0\"><figure><img decoding=\"async\" class=\"wp-block-themeisle-blocks-slider-item\" src=\"https:\/\/fotoestudiotrejo.com\/2\/wp-content\/uploads\/2021\/01\/00-2-683x1024.jpg\" alt=\"\" title=\"\" data-id=\"515\"\/><\/figure><\/div><div class=\"wp-block-themeisle-blocks-slider-item-wrapper glide__slide\" tabindex=\"0\"><figure><img decoding=\"async\" class=\"wp-block-themeisle-blocks-slider-item\" src=\"https:\/\/fotoestudiotrejo.com\/2\/wp-content\/uploads\/2018\/12\/nic3b1o-con-sombrero-1-801x1024.jpg\" alt=\"\" title=\"\" data-id=\"290\"\/><\/figure><\/div><div class=\"wp-block-themeisle-blocks-slider-item-wrapper glide__slide\" tabindex=\"0\"><figure><img decoding=\"async\" class=\"wp-block-themeisle-blocks-slider-item\" src=\"https:\/\/fotoestudiotrejo.com\/2\/wp-content\/uploads\/2018\/12\/valeria-ba-1-801x1024.jpg\" alt=\"\" title=\"\" data-id=\"299\"\/><\/figure><\/div><div class=\"wp-block-themeisle-blocks-slider-item-wrapper glide__slide\" tabindex=\"0\"><figure><img decoding=\"async\" class=\"wp-block-themeisle-blocks-slider-item\" src=\"https:\/\/fotoestudiotrejo.com\/2\/wp-content\/uploads\/2018\/12\/carlos-omar-d-1024x801.jpg\" alt=\"\" title=\"\" data-id=\"259\"\/><\/figure><\/div><\/div><div class=\"glide__bullets\" data-glide-el=\"controls[nav]\"><button class=\"glide__bullet\" data-glide-dir=\"=0\"><\/button><button class=\"glide__bullet\" data-glide-dir=\"=1\"><\/button><button class=\"glide__bullet\" data-glide-dir=\"=2\"><\/button><button class=\"glide__bullet\" data-glide-dir=\"=3\"><\/button><button class=\"glide__bullet\" data-glide-dir=\"=4\"><\/button><button class=\"glide__bullet\" data-glide-dir=\"=5\"><\/button><button class=\"glide__bullet\" data-glide-dir=\"=6\"><\/button><button class=\"glide__bullet\" data-glide-dir=\"=7\"><\/button><button class=\"glide__bullet\" data-glide-dir=\"=8\"><\/button><button class=\"glide__bullet\" data-glide-dir=\"=9\"><\/button><button class=\"glide__bullet\" data-glide-dir=\"=10\"><\/button><button class=\"glide__bullet\" data-glide-dir=\"=11\"><\/button><button class=\"glide__bullet\" data-glide-dir=\"=12\"><\/button><button class=\"glide__bullet\" data-glide-dir=\"=13\"><\/button><button class=\"glide__bullet\" data-glide-dir=\"=14\"><\/button><button class=\"glide__bullet\" data-glide-dir=\"=15\"><\/button><button class=\"glide__bullet\" data-glide-dir=\"=16\"><\/button><button class=\"glide__bullet\" data-glide-dir=\"=17\"><\/button><button class=\"glide__bullet\" data-glide-dir=\"=18\"><\/button><button class=\"glide__bullet\" data-glide-dir=\"=19\"><\/button><button class=\"glide__bullet\" data-glide-dir=\"=20\"><\/button><button class=\"glide__bullet\" data-glide-dir=\"=21\"><\/button><button class=\"glide__bullet\" data-glide-dir=\"=22\"><\/button><\/div><\/div><\/div>\n<\/div>\n<\/div>\n","protected":false},"excerpt":{"rendered":"<p>Experimentar la llegada de un ni\u00f1o a la familia es uno de los momentos m\u00e1s emocionantes y llenos de alegr\u00eda que se pueden vivir. En Foto Estudio Trejo, nos dedicamos a capturar esos momentos \u00fanicos, maravillosos e irrepetibles para que perduren por siempre. Entendemos que desear\u00edas detener el tiempo para conservar esos recuerdos invaluables. Por eso, en Foto Estudio Trejo, inmortalizamos la magia de tus ni\u00f1os en cada fotograf\u00eda, permiti\u00e9ndote revivir esos momentos siempre que lo desees. Nuestras sesiones de fotos son inigualables, sabemos que lo mejor de tu beb\u00e9 est\u00e1 en su espontaneidad y en la alegr\u00eda que s\u00f3lo<\/p>\n","protected":false},"author":2,"featured_media":0,"parent":0,"menu_order":0,"comment_status":"closed","ping_status":"closed","template":"","meta":{"_themeisle_gutenberg_block_has_review":false,"footnotes":""},"class_list":["post-461","page","type-page","status-publish","hentry"],"_links":{"self":[{"href":"https:\/\/fotoestudiotrejo.com\/2\/wp-json\/wp\/v2\/pages\/461","targetHints":{"allow":["GET"]}}],"collection":[{"href":"https:\/\/fotoestudiotrejo.com\/2\/wp-json\/wp\/v2\/pages"}],"about":[{"href":"https:\/\/fotoestudiotrejo.com\/2\/wp-json\/wp\/v2\/types\/page"}],"author":[{"embeddable":true,"href":"https:\/\/fotoestudiotrejo.com\/2\/wp-json\/wp\/v2\/users\/2"}],"replies":[{"embeddable":true,"href":"https:\/\/fotoestudiotrejo.com\/2\/wp-json\/wp\/v2\/comments?post=461"}],"version-history":[{"count":24,"href":"https:\/\/fotoestudiotrejo.com\/2\/wp-json\/wp\/v2\/pages\/461\/revisions"}],"predecessor-version":[{"id":1153,"href":"https:\/\/fotoestudiotrejo.com\/2\/wp-json\/wp\/v2\/pages\/461\/revisions\/1153"}],"wp:attachment":[{"href":"https:\/\/fotoestudiotrejo.com\/2\/wp-json\/wp\/v2\/media?parent=461"}],"curies":[{"name":"wp","href":"https:\/\/api.w.org\/{rel}","templated":true}]}}