{"id":478,"date":"2021-01-02T20:34:19","date_gmt":"2021-01-02T20:34:19","guid":{"rendered":"https:\/\/fototrejo.wordpress.com\/?page_id=478"},"modified":"2024-08-30T19:27:21","modified_gmt":"2024-08-30T19:27:21","slug":"sesiones-de-xv-anos","status":"publish","type":"page","link":"https:\/\/fotoestudiotrejo.com\/2\/sesiones-de-xv-anos\/","title":{"rendered":"Sesi\u00f3nes de XV A\u00f1os"},"content":{"rendered":"\n<p class=\"has-intrace-body-text-color has-intrace-background-background-color has-text-color has-background\"><span style=\"font-size: 16px;\">En <strong>Foto Estudio Trejo<\/strong>, personalizamos cada sesi\u00f3n fotogr\u00e1fica de acuerdo a tus preferencias:<\/span><\/p>\n\n\n\n<ul class=\"wp-block-list\">\n<li class=\"has-normal-font-size\"><span style=\"text-decoration: underline; font-size: 16px;\">Diversos fondos para elegir<\/span><\/li>\n\n\n\n<li class=\"has-normal-font-size\"><span style=\"text-decoration: underline; font-size: 16px;\">Reserva el d\u00eda y la hora que m\u00e1s te convenga<\/span><\/li>\n\n\n\n<li class=\"has-normal-font-size\"><span style=\"text-decoration: underline; font-size: 16px;\">1 hora de sesi\u00f3n<\/span><\/li>\n\n\n\n<li class=\"has-normal-font-size\"><span style=\"text-decoration: underline; font-size: 16px;\">15 fotograf\u00edas digitales e impresas<\/span><\/li>\n\n\n\n<li class=\"has-normal-font-size\"><span style=\"text-decoration: underline; font-size: 16px;\">Ampliaciones en diferentes tama\u00f1os (seg\u00fan el paquete que elijas)<\/span><\/li>\n\n\n\n<li class=\"has-normal-font-size\"><span style=\"text-decoration: underline; font-size: 16px;\">Marcos a elegir<\/span><\/li>\n<\/ul>\n\n\n\n<div id=\"wp-block-themeisle-blocks-slider-ce057cdf\" class=\"wp-block-themeisle-blocks-slider glide\" data-per-view=\"1\" data-gap=\"0\" data-peek=\"0\" data-autoplay=\"true\" data-height=\"400px\" data-hide-arrows=\"false\"><div class=\"glide__track\" data-glide-el=\"track\"><div class=\"glide__slides\"><div class=\"wp-block-themeisle-blocks-slider-item-wrapper glide__slide\" tabindex=\"0\"><figure><img decoding=\"async\" class=\"wp-block-themeisle-blocks-slider-item\" src=\"https:\/\/fotoestudiotrejo.com\/2\/wp-content\/uploads\/2024\/08\/4x6-IE-5.jpg\" alt=\"\" title=\"\" data-id=\"1708\"\/><\/figure><\/div><div class=\"wp-block-themeisle-blocks-slider-item-wrapper glide__slide\" tabindex=\"0\"><figure><img decoding=\"async\" class=\"wp-block-themeisle-blocks-slider-item\" src=\"blob:https:\/\/fotoestudiotrejo.com\/d829177c-17aa-4735-9f9f-d37a73cb1161\"\/><\/figure><\/div><div class=\"wp-block-themeisle-blocks-slider-item-wrapper glide__slide\" tabindex=\"0\"><figure><img decoding=\"async\" class=\"wp-block-themeisle-blocks-slider-item\" src=\"blob:https:\/\/fotoestudiotrejo.com\/011949e5-94ea-4ab3-a5e7-a4f457514f7d\"\/><\/figure><\/div><div class=\"wp-block-themeisle-blocks-slider-item-wrapper glide__slide\" tabindex=\"0\"><figure><img decoding=\"async\" class=\"wp-block-themeisle-blocks-slider-item\" src=\"blob:https:\/\/fotoestudiotrejo.com\/3aff3672-13c7-41f0-805a-c909f388ebec\"\/><\/figure><\/div><div class=\"wp-block-themeisle-blocks-slider-item-wrapper glide__slide\" tabindex=\"0\"><figure><img decoding=\"async\" class=\"wp-block-themeisle-blocks-slider-item\" src=\"blob:https:\/\/fotoestudiotrejo.com\/c77ae549-8bcd-4654-b4c9-13bc6ed5b1c8\"\/><\/figure><\/div><\/div><div class=\"glide__bullets\" data-glide-el=\"controls[nav]\"><button class=\"glide__bullet\" data-glide-dir=\"=0\"><\/button><button class=\"glide__bullet\" data-glide-dir=\"=1\"><\/button><button class=\"glide__bullet\" data-glide-dir=\"=2\"><\/button><button class=\"glide__bullet\" data-glide-dir=\"=3\"><\/button><button class=\"glide__bullet\" data-glide-dir=\"=4\"><\/button><\/div><\/div><\/div>\n\n\n\n<p class=\"has-intrace-body-text-color has-white-background-color has-text-color has-background\">Para agendar citas, cont\u00e1ctanos por tel\u00e9fono o Whatsapp: 9616122403 \/ 9611661401<\/p>\n\n\n\n\n\n<p class=\"has-text-align-center\"><span style=\"font-size: 16px;\"><br>    <a href=\"https:\/\/www.instagram.com\/trejofoto\" target=\"_blank\" rel=\"noopener noreferrer\"><br><button style=\"background-color: #ffc107; color: #000; border: 2px solid #000; padding: 10px 15px; border-radius: 25px; text-transform: uppercase; font-weight: bold; cursor: pointer;\">S\u00edguenos en Instagram<\/button><br><\/a><\/span><\/p>\n\n\n\n<ul class=\"wp-block-list\"><\/ul>\n\n\n\n<p>&nbsp;<\/p>\n\n\n\n<div class=\"wp-block-group alignwide is-layout-constrained wp-block-group-is-layout-constrained\">\n<div id=\"wp-block-themeisle-blocks-slider-bec7cbb7\" class=\"wp-block-themeisle-blocks-slider alignwide glide\" data-per-view=\"4\" data-gap=\"10\" data-peek=\"32\" data-autoplay=\"true\" data-height=\"400px\" data-hide-arrows=\"false\"><div class=\"glide__track\" data-glide-el=\"track\"><div class=\"glide__slides\"><div class=\"wp-block-themeisle-blocks-slider-item-wrapper glide__slide\" tabindex=\"0\"><figure><img decoding=\"async\" class=\"wp-block-themeisle-blocks-slider-item\" src=\"https:\/\/fotoestudiotrejo.com\/2\/wp-content\/uploads\/2021\/01\/maria-fernanda-2-1-683x1024.jpg\" alt=\"\" title=\"\" data-id=\"583\"\/><\/figure><\/div><div class=\"wp-block-themeisle-blocks-slider-item-wrapper glide__slide\" tabindex=\"0\"><figure><img decoding=\"async\" class=\"wp-block-themeisle-blocks-slider-item\" src=\"https:\/\/fotoestudiotrejo.com\/2\/wp-content\/uploads\/2021\/01\/maria-fernanda-aa-2-801x1024.jpg\" alt=\"\" title=\"\" data-id=\"582\"\/><\/figure><\/div><div class=\"wp-block-themeisle-blocks-slider-item-wrapper glide__slide\" tabindex=\"0\"><figure><img decoding=\"async\" class=\"wp-block-themeisle-blocks-slider-item\" src=\"https:\/\/fotoestudiotrejo.com\/2\/wp-content\/uploads\/2021\/01\/maria-fernanda-a-2-683x1024.jpg\" alt=\"\" title=\"\" data-id=\"581\"\/><\/figure><\/div><div class=\"wp-block-themeisle-blocks-slider-item-wrapper glide__slide\" tabindex=\"0\"><figure><img decoding=\"async\" class=\"wp-block-themeisle-blocks-slider-item\" src=\"https:\/\/fotoestudiotrejo.com\/2\/wp-content\/uploads\/2021\/01\/l-maria-jose-801x1024.jpg\" alt=\"\" title=\"\" data-id=\"580\"\/><\/figure><\/div><div class=\"wp-block-themeisle-blocks-slider-item-wrapper glide__slide\" tabindex=\"0\"><figure><img decoding=\"async\" class=\"wp-block-themeisle-blocks-slider-item\" src=\"https:\/\/fotoestudiotrejo.com\/2\/wp-content\/uploads\/2021\/01\/karina-b-2-801x1024.jpg\" alt=\"\" title=\"\" data-id=\"579\"\/><\/figure><\/div><div class=\"wp-block-themeisle-blocks-slider-item-wrapper glide__slide\" tabindex=\"0\"><figure><img decoding=\"async\" class=\"wp-block-themeisle-blocks-slider-item\" src=\"https:\/\/fotoestudiotrejo.com\/2\/wp-content\/uploads\/2021\/01\/karina-a-2-1-801x1024.jpg\" alt=\"\" title=\"\" data-id=\"578\"\/><\/figure><\/div><div class=\"wp-block-themeisle-blocks-slider-item-wrapper glide__slide\" tabindex=\"0\"><figure><img decoding=\"async\" class=\"wp-block-themeisle-blocks-slider-item\" src=\"https:\/\/fotoestudiotrejo.com\/2\/wp-content\/uploads\/2021\/01\/gabriela-2-802x1024.jpg\" alt=\"\" title=\"\" data-id=\"577\"\/><\/figure><\/div><div class=\"wp-block-themeisle-blocks-slider-item-wrapper glide__slide\" tabindex=\"0\"><figure><img decoding=\"async\" class=\"wp-block-themeisle-blocks-slider-item\" src=\"https:\/\/fotoestudiotrejo.com\/2\/wp-content\/uploads\/2021\/01\/gabriela-c-2-802x1024.jpg\" alt=\"\" title=\"\" data-id=\"576\"\/><\/figure><\/div><div class=\"wp-block-themeisle-blocks-slider-item-wrapper glide__slide\" tabindex=\"0\"><figure><img decoding=\"async\" class=\"wp-block-themeisle-blocks-slider-item\" src=\"https:\/\/fotoestudiotrejo.com\/2\/wp-content\/uploads\/2021\/01\/gabriela-a-2-802x1024.jpg\" alt=\"\" title=\"\" data-id=\"575\"\/><\/figure><\/div><div class=\"wp-block-themeisle-blocks-slider-item-wrapper glide__slide\" tabindex=\"0\"><figure><img decoding=\"async\" class=\"wp-block-themeisle-blocks-slider-item\" src=\"https:\/\/fotoestudiotrejo.com\/2\/wp-content\/uploads\/2021\/01\/andrea-b-2-1-712x1024.jpg\" alt=\"\" title=\"\" data-id=\"574\"\/><\/figure><\/div><div class=\"wp-block-themeisle-blocks-slider-item-wrapper glide__slide\" tabindex=\"0\"><figure><img decoding=\"async\" class=\"wp-block-themeisle-blocks-slider-item\" src=\"https:\/\/fotoestudiotrejo.com\/2\/wp-content\/uploads\/2021\/01\/andrea-a-2-712x1024.jpg\" alt=\"\" title=\"\" data-id=\"573\"\/><\/figure><\/div><div class=\"wp-block-themeisle-blocks-slider-item-wrapper glide__slide\" tabindex=\"0\"><figure><img decoding=\"async\" class=\"wp-block-themeisle-blocks-slider-item\" src=\"https:\/\/fotoestudiotrejo.com\/2\/wp-content\/uploads\/2021\/01\/ab-yamileth-utrilla-xv-anos-a.jpg\" alt=\"\" title=\"\" data-id=\"572\"\/><\/figure><\/div><div class=\"wp-block-themeisle-blocks-slider-item-wrapper glide__slide\" tabindex=\"0\"><figure><img decoding=\"async\" class=\"wp-block-themeisle-blocks-slider-item\" src=\"https:\/\/fotoestudiotrejo.com\/2\/wp-content\/uploads\/2021\/01\/a-gretell-683x1024.jpg\" alt=\"\" title=\"\" data-id=\"570\"\/><\/figure><\/div><div class=\"wp-block-themeisle-blocks-slider-item-wrapper glide__slide\" tabindex=\"0\"><figure><img decoding=\"async\" class=\"wp-block-themeisle-blocks-slider-item\" src=\"https:\/\/fotoestudiotrejo.com\/2\/wp-content\/uploads\/2021\/01\/a-gretell-a-683x1024.jpg\" alt=\"\" title=\"\" data-id=\"569\"\/><\/figure><\/div><div class=\"wp-block-themeisle-blocks-slider-item-wrapper glide__slide\" tabindex=\"0\"><figure><img decoding=\"async\" class=\"wp-block-themeisle-blocks-slider-item\" src=\"https:\/\/fotoestudiotrejo.com\/2\/wp-content\/uploads\/2018\/12\/xv-ac3b1os-a-768x1024.jpg\" alt=\"\" title=\"\" data-id=\"305\"\/><\/figure><\/div><div class=\"wp-block-themeisle-blocks-slider-item-wrapper glide__slide\" tabindex=\"0\"><figure><img decoding=\"async\" class=\"wp-block-themeisle-blocks-slider-item\" src=\"https:\/\/fotoestudiotrejo.com\/2\/wp-content\/uploads\/2018\/12\/xv-ac3b1os-768x1024.jpg\" alt=\"\" title=\"\" data-id=\"306\"\/><\/figure><\/div><\/div><div class=\"glide__bullets\" data-glide-el=\"controls[nav]\"><button class=\"glide__bullet\" data-glide-dir=\"=0\"><\/button><button class=\"glide__bullet\" data-glide-dir=\"=1\"><\/button><button class=\"glide__bullet\" data-glide-dir=\"=2\"><\/button><button class=\"glide__bullet\" data-glide-dir=\"=3\"><\/button><button class=\"glide__bullet\" data-glide-dir=\"=4\"><\/button><button class=\"glide__bullet\" data-glide-dir=\"=5\"><\/button><button class=\"glide__bullet\" data-glide-dir=\"=6\"><\/button><button class=\"glide__bullet\" data-glide-dir=\"=7\"><\/button><button class=\"glide__bullet\" data-glide-dir=\"=8\"><\/button><button class=\"glide__bullet\" data-glide-dir=\"=9\"><\/button><button class=\"glide__bullet\" data-glide-dir=\"=10\"><\/button><button class=\"glide__bullet\" data-glide-dir=\"=11\"><\/button><button class=\"glide__bullet\" data-glide-dir=\"=12\"><\/button><button class=\"glide__bullet\" data-glide-dir=\"=13\"><\/button><button class=\"glide__bullet\" data-glide-dir=\"=14\"><\/button><button class=\"glide__bullet\" data-glide-dir=\"=15\"><\/button><\/div><\/div><\/div>\n<\/div>\n","protected":false},"excerpt":{"rendered":"<p>En Foto Estudio Trejo, personalizamos cada sesi\u00f3n fotogr\u00e1fica de acuerdo a tus preferencias: Para agendar citas, cont\u00e1ctanos por tel\u00e9fono o Whatsapp: 9616122403 \/ 9611661401 S\u00edguenos en Instagram &nbsp;<\/p>\n","protected":false},"author":2,"featured_media":0,"parent":0,"menu_order":0,"comment_status":"closed","ping_status":"closed","template":"","meta":{"_themeisle_gutenberg_block_has_review":false,"footnotes":""},"class_list":["post-478","page","type-page","status-publish","hentry"],"_links":{"self":[{"href":"https:\/\/fotoestudiotrejo.com\/2\/wp-json\/wp\/v2\/pages\/478","targetHints":{"allow":["GET"]}}],"collection":[{"href":"https:\/\/fotoestudiotrejo.com\/2\/wp-json\/wp\/v2\/pages"}],"about":[{"href":"https:\/\/fotoestudiotrejo.com\/2\/wp-json\/wp\/v2\/types\/page"}],"author":[{"embeddable":true,"href":"https:\/\/fotoestudiotrejo.com\/2\/wp-json\/wp\/v2\/users\/2"}],"replies":[{"embeddable":true,"href":"https:\/\/fotoestudiotrejo.com\/2\/wp-json\/wp\/v2\/comments?post=478"}],"version-history":[{"count":30,"href":"https:\/\/fotoestudiotrejo.com\/2\/wp-json\/wp\/v2\/pages\/478\/revisions"}],"predecessor-version":[{"id":1714,"href":"https:\/\/fotoestudiotrejo.com\/2\/wp-json\/wp\/v2\/pages\/478\/revisions\/1714"}],"wp:attachment":[{"href":"https:\/\/fotoestudiotrejo.com\/2\/wp-json\/wp\/v2\/media?parent=478"}],"curies":[{"name":"wp","href":"https:\/\/api.w.org\/{rel}","templated":true}]}}