{"id":864,"date":"2020-01-13T11:17:52","date_gmt":"2020-01-13T11:17:52","guid":{"rendered":"https:\/\/demosites.io\/web-agency-gb\/?page_id=5"},"modified":"2023-05-06T08:31:30","modified_gmt":"2023-05-06T08:31:30","slug":"15c42-web-agency-gb-home","status":"publish","type":"page","link":"https:\/\/fotoestudiotrejo.com\/2\/","title":{"rendered":"Home"},"content":{"rendered":"\n<p class=\"has-intrace-body-text-color has-intrace-background-background-color has-text-color has-background\">Nuestro Estudio Fotogr\u00e1fico ubicado a una cuadra del Parque de la Marimba, ofrece soluciones adaptadas a las necesidades de cada servicio. Desde Retratos hasta Sesiones de Fotograf\u00eda para XV a\u00f1os, Bodas, Familiares, Ni\u00f1os, Fotograf\u00eda de Producto, Corporativo y Fotograf\u00eda para instituciones educativas de todos los niveles.<\/p>\n\n\n\n<p class=\"has-intrace-body-text-color has-intrace-background-background-color has-text-color has-background\">Nuestro Estudio facilita la producci\u00f3n de todo tipo de Fotograf\u00eda contamos con equipo de \u00faltima tecnolog\u00eda mismo que ponemos a sus \u00f3rdenes. Contamos con equipo profesional, c\u00e1maras, iluminaci\u00f3n, flashes, tr\u00edpodes, fondos, maquinaria y dem\u00e1s elementos fotogr\u00e1ficos, as\u00ed como estaciones de edici\u00f3n y producci\u00f3n fotogr\u00e1fica que ofrece los mejores resultados para cualquier soporte impreso o digital.<\/p>\n\n\n\n<figure class=\"wp-block-gallery has-nested-images columns-3 is-cropped wp-block-gallery-1 is-layout-flex wp-block-gallery-is-layout-flex\">\n<figure class=\"wp-block-image size-large\"><img decoding=\"async\" width=\"1024\" height=\"505\" data-id=\"242\" src=\"https:\/\/fotoestudiotrejo.com\/2\/wp-content\/uploads\/2018\/12\/foto-estudio-a1-1024x505.jpg\" alt=\"\" class=\"wp-image-242\" srcset=\"https:\/\/fotoestudiotrejo.com\/2\/wp-content\/uploads\/2018\/12\/foto-estudio-a1-1024x505.jpg 1024w, https:\/\/fotoestudiotrejo.com\/2\/wp-content\/uploads\/2018\/12\/foto-estudio-a1-300x148.jpg 300w, https:\/\/fotoestudiotrejo.com\/2\/wp-content\/uploads\/2018\/12\/foto-estudio-a1-768x379.jpg 768w, https:\/\/fotoestudiotrejo.com\/2\/wp-content\/uploads\/2018\/12\/foto-estudio-a1.jpg 1265w\" sizes=\"(max-width: 1024px) 100vw, 1024px\" \/><\/figure>\n\n\n\n<figure class=\"wp-block-image size-large\"><img decoding=\"async\" width=\"1024\" height=\"505\" data-id=\"243\" src=\"https:\/\/fotoestudiotrejo.com\/2\/wp-content\/uploads\/2018\/12\/foto-estudio-a1-1-1024x505.jpg\" alt=\"\" class=\"wp-image-243\" srcset=\"https:\/\/fotoestudiotrejo.com\/2\/wp-content\/uploads\/2018\/12\/foto-estudio-a1-1-1024x505.jpg 1024w, https:\/\/fotoestudiotrejo.com\/2\/wp-content\/uploads\/2018\/12\/foto-estudio-a1-1-300x148.jpg 300w, https:\/\/fotoestudiotrejo.com\/2\/wp-content\/uploads\/2018\/12\/foto-estudio-a1-1-768x379.jpg 768w, https:\/\/fotoestudiotrejo.com\/2\/wp-content\/uploads\/2018\/12\/foto-estudio-a1-1.jpg 1265w\" sizes=\"(max-width: 1024px) 100vw, 1024px\" \/><\/figure>\n\n\n\n<figure class=\"wp-block-image size-large\"><img decoding=\"async\" width=\"1024\" height=\"768\" data-id=\"244\" src=\"https:\/\/fotoestudiotrejo.com\/2\/wp-content\/uploads\/2018\/12\/foto-estudio-1024x768.jpg\" alt=\"\" class=\"wp-image-244\" srcset=\"https:\/\/fotoestudiotrejo.com\/2\/wp-content\/uploads\/2018\/12\/foto-estudio-1024x768.jpg 1024w, https:\/\/fotoestudiotrejo.com\/2\/wp-content\/uploads\/2018\/12\/foto-estudio-300x225.jpg 300w, https:\/\/fotoestudiotrejo.com\/2\/wp-content\/uploads\/2018\/12\/foto-estudio-768x576.jpg 768w, https:\/\/fotoestudiotrejo.com\/2\/wp-content\/uploads\/2018\/12\/foto-estudio.jpg 1200w\" sizes=\"(max-width: 1024px) 100vw, 1024px\" \/><\/figure>\n\n\n\n<figure class=\"wp-block-image size-large\"><img decoding=\"async\" width=\"1024\" height=\"768\" data-id=\"245\" src=\"https:\/\/fotoestudiotrejo.com\/2\/wp-content\/uploads\/2018\/12\/foto-estudio-1-1024x768.jpg\" alt=\"\" class=\"wp-image-245\" srcset=\"https:\/\/fotoestudiotrejo.com\/2\/wp-content\/uploads\/2018\/12\/foto-estudio-1-1024x768.jpg 1024w, https:\/\/fotoestudiotrejo.com\/2\/wp-content\/uploads\/2018\/12\/foto-estudio-1-300x225.jpg 300w, https:\/\/fotoestudiotrejo.com\/2\/wp-content\/uploads\/2018\/12\/foto-estudio-1-768x576.jpg 768w, https:\/\/fotoestudiotrejo.com\/2\/wp-content\/uploads\/2018\/12\/foto-estudio-1.jpg 1200w\" sizes=\"(max-width: 1024px) 100vw, 1024px\" \/><\/figure>\n<\/figure>\n","protected":false},"excerpt":{"rendered":"<p>Nuestro Estudio Fotogr\u00e1fico ubicado a una cuadra del Parque de la Marimba, ofrece soluciones adaptadas a las necesidades de cada servicio. Desde Retratos hasta Sesiones de Fotograf\u00eda para XV a\u00f1os, Bodas, Familiares, Ni\u00f1os, Fotograf\u00eda de Producto, Corporativo y Fotograf\u00eda para instituciones educativas de todos los niveles. Nuestro Estudio facilita la producci\u00f3n de todo tipo de Fotograf\u00eda contamos con equipo de \u00faltima tecnolog\u00eda mismo que ponemos a sus \u00f3rdenes. Contamos con equipo profesional, c\u00e1maras, iluminaci\u00f3n, flashes, tr\u00edpodes, fondos, maquinaria y dem\u00e1s elementos fotogr\u00e1ficos, as\u00ed como estaciones de edici\u00f3n y producci\u00f3n fotogr\u00e1fica que ofrece los mejores resultados para cualquier soporte impreso o<\/p>\n","protected":false},"author":2,"featured_media":0,"parent":0,"menu_order":0,"comment_status":"closed","ping_status":"closed","template":"","meta":{"_themeisle_gutenberg_block_has_review":false,"footnotes":""},"class_list":["post-864","page","type-page","status-publish","hentry"],"_links":{"self":[{"href":"https:\/\/fotoestudiotrejo.com\/2\/wp-json\/wp\/v2\/pages\/864","targetHints":{"allow":["GET"]}}],"collection":[{"href":"https:\/\/fotoestudiotrejo.com\/2\/wp-json\/wp\/v2\/pages"}],"about":[{"href":"https:\/\/fotoestudiotrejo.com\/2\/wp-json\/wp\/v2\/types\/page"}],"author":[{"embeddable":true,"href":"https:\/\/fotoestudiotrejo.com\/2\/wp-json\/wp\/v2\/users\/2"}],"replies":[{"embeddable":true,"href":"https:\/\/fotoestudiotrejo.com\/2\/wp-json\/wp\/v2\/comments?post=864"}],"version-history":[{"count":2,"href":"https:\/\/fotoestudiotrejo.com\/2\/wp-json\/wp\/v2\/pages\/864\/revisions"}],"predecessor-version":[{"id":1532,"href":"https:\/\/fotoestudiotrejo.com\/2\/wp-json\/wp\/v2\/pages\/864\/revisions\/1532"}],"wp:attachment":[{"href":"https:\/\/fotoestudiotrejo.com\/2\/wp-json\/wp\/v2\/media?parent=864"}],"curies":[{"name":"wp","href":"https:\/\/api.w.org\/{rel}","templated":true}]}}